
{"id":343,"date":"2022-07-27T17:52:54","date_gmt":"2022-07-27T15:52:54","guid":{"rendered":"https:\/\/www.ecolemegagic.com\/?post_type=product&#038;p=343"},"modified":"2022-09-15T14:15:35","modified_gmt":"2022-09-15T12:15:35","slug":"decouverte","status":"publish","type":"product","link":"https:\/\/www.ecolemegagic.com\/en\/abonnement\/decouverte\/","title":{"rendered":"D\u00c9COUVERTE"},"content":{"rendered":"<p>D\u00e9couvrez 1 super tour de magie par mois pendant 5 mois et apprenez en fin de module vos premi\u00e8res manipulations professionnelles. Cette formule vous est offerte gr\u00e2ce \u00e0 votre achat d&#8217;une bo\u00eete Megagic\u00ae et \u00e0 la saisie de votre code tuto. <\/p>","protected":false},"excerpt":{"rendered":"<p> Gratuit avec mon code tuto <\/p>","protected":false},"featured_media":344,"template":"","meta":{"_uag_custom_page_level_css":"","site-sidebar-layout":"default","site-content-layout":"default","ast-global-header-display":"","ast-main-header-display":"","ast-hfb-above-header-display":"","ast-hfb-below-header-display":"","ast-hfb-mobile-header-display":"","site-post-title":"","ast-breadcrumbs-content":"","ast-featured-img":"","footer-sml-layout":"","theme-transparent-header-meta":"default","adv-header-id-meta":"","stick-header-meta":"","header-above-stick-meta":"","header-main-stick-meta":"","header-below-stick-meta":""},"product_brand":[],"product_cat":[33],"product_tag":[],"class_list":{"0":"post-343","1":"product","2":"type-product","3":"status-publish","4":"has-post-thumbnail","6":"product_cat-abonnements","8":"first","9":"instock","10":"virtual","11":"sold-individually","12":"taxable","13":"purchasable","14":"product-type-course"},"uagb_featured_image_src":{"full":["https:\/\/www.ecolemegagic.com\/wp-content\/uploads\/2022\/07\/abo-1-1.png",87,108,false],"thumbnail":["https:\/\/www.ecolemegagic.com\/wp-content\/uploads\/2022\/07\/abo-1-1.png",87,108,false],"medium":["https:\/\/www.ecolemegagic.com\/wp-content\/uploads\/2022\/07\/abo-1-1.png",87,108,false],"medium_large":["https:\/\/www.ecolemegagic.com\/wp-content\/uploads\/2022\/07\/abo-1-1.png",87,108,false],"large":["https:\/\/www.ecolemegagic.com\/wp-content\/uploads\/2022\/07\/abo-1-1.png",87,108,false],"1536x1536":["https:\/\/www.ecolemegagic.com\/wp-content\/uploads\/2022\/07\/abo-1-1.png",87,108,false],"2048x2048":["https:\/\/www.ecolemegagic.com\/wp-content\/uploads\/2022\/07\/abo-1-1.png",87,108,false],"trp-custom-language-flag":["https:\/\/www.ecolemegagic.com\/wp-content\/uploads\/2022\/07\/abo-1-1-10x12.png",10,12,true],"woocommerce_thumbnail":["https:\/\/www.ecolemegagic.com\/wp-content\/uploads\/2022\/07\/abo-1-1.png",87,108,false],"woocommerce_single":["https:\/\/www.ecolemegagic.com\/wp-content\/uploads\/2022\/07\/abo-1-1.png",87,108,false],"woocommerce_gallery_thumbnail":["https:\/\/www.ecolemegagic.com\/wp-content\/uploads\/2022\/07\/abo-1-1-87x100.png",87,100,true]},"uagb_author_info":{"display_name":"Test pr\u00e9nom Test nom","author_link":"https:\/\/www.ecolemegagic.com\/en\/author\/"},"uagb_comment_info":0,"uagb_excerpt":"Gratuit avec mon code tuto","acf":[],"_links":{"self":[{"href":"https:\/\/www.ecolemegagic.com\/en\/wp-json\/wp\/v2\/product\/343","targetHints":{"allow":["GET"]}}],"collection":[{"href":"https:\/\/www.ecolemegagic.com\/en\/wp-json\/wp\/v2\/product"}],"about":[{"href":"https:\/\/www.ecolemegagic.com\/en\/wp-json\/wp\/v2\/types\/product"}],"wp:featuredmedia":[{"embeddable":true,"href":"https:\/\/www.ecolemegagic.com\/en\/wp-json\/wp\/v2\/media\/344"}],"wp:attachment":[{"href":"https:\/\/www.ecolemegagic.com\/en\/wp-json\/wp\/v2\/media?parent=343"}],"wp:term":[{"taxonomy":"product_brand","embeddable":true,"href":"https:\/\/www.ecolemegagic.com\/en\/wp-json\/wp\/v2\/product_brand?post=343"},{"taxonomy":"product_cat","embeddable":true,"href":"https:\/\/www.ecolemegagic.com\/en\/wp-json\/wp\/v2\/product_cat?post=343"},{"taxonomy":"product_tag","embeddable":true,"href":"https:\/\/www.ecolemegagic.com\/en\/wp-json\/wp\/v2\/product_tag?post=343"}],"curies":[{"name":"wp","href":"https:\/\/api.w.org\/{rel}","templated":true}]}}