
{"id":436,"date":"2022-09-15T14:09:26","date_gmt":"2022-09-15T12:09:26","guid":{"rendered":"https:\/\/www.ecolemegagic.com\/?post_type=product&#038;p=436"},"modified":"2022-09-15T14:09:26","modified_gmt":"2022-09-15T12:09:26","slug":"expert","status":"publish","type":"product","link":"https:\/\/www.ecolemegagic.com\/en\/abonnement\/expert\/","title":{"rendered":"EXPERT"},"content":{"rendered":"<p>Jean-Pierre Vallarino hausse le niveau dans ce module tr\u00e8s technique. R\u00e9serv\u00e9 aux amateurs qui ont r\u00e9ellement envie de s\u2019investir dans cet art. ATTENTION ! Les techniques pr\u00e9sent\u00e9es dans ce pack ne pourront \u00eatre convenablement \u00e9tudi\u00e9s que si vous ma\u00eetrisez les 2 premiers modules.<\/p>","protected":false},"excerpt":{"rendered":"<p>Jean-Pierre Vallarino hausse le niveau dans ce module tr\u00e8s technique. R\u00e9serv\u00e9 aux amateurs qui ont r\u00e9ellement envie de s\u2019investir dans cet art. ATTENTION ! Les techniques pr\u00e9sent\u00e9es dans ce pack ne pourront \u00eatre convenablement \u00e9tudi\u00e9s que si vous ma\u00eetrisez les 2 premiers modules.<\/p>","protected":false},"featured_media":423,"template":"","meta":{"_uag_custom_page_level_css":"","site-sidebar-layout":"default","site-content-layout":"default","ast-global-header-display":"","ast-main-header-display":"","ast-hfb-above-header-display":"","ast-hfb-below-header-display":"","ast-hfb-mobile-header-display":"","site-post-title":"","ast-breadcrumbs-content":"","ast-featured-img":"","footer-sml-layout":"","theme-transparent-header-meta":"default","adv-header-id-meta":"","stick-header-meta":"","header-above-stick-meta":"","header-main-stick-meta":"","header-below-stick-meta":""},"product_brand":[],"product_cat":[33],"product_tag":[],"class_list":{"0":"post-436","1":"product","2":"type-product","3":"status-publish","4":"has-post-thumbnail","6":"product_cat-abonnements","8":"first","9":"instock","10":"virtual","11":"sold-individually","12":"taxable","13":"purchasable","14":"product-type-course"},"uagb_featured_image_src":{"full":["https:\/\/www.ecolemegagic.com\/wp-content\/uploads\/2022\/09\/abo-4.png",120,157,false],"thumbnail":["https:\/\/www.ecolemegagic.com\/wp-content\/uploads\/2022\/09\/abo-4-120x150.png",120,150,true],"medium":["https:\/\/www.ecolemegagic.com\/wp-content\/uploads\/2022\/09\/abo-4.png",120,157,false],"medium_large":["https:\/\/www.ecolemegagic.com\/wp-content\/uploads\/2022\/09\/abo-4.png",120,157,false],"large":["https:\/\/www.ecolemegagic.com\/wp-content\/uploads\/2022\/09\/abo-4.png",120,157,false],"1536x1536":["https:\/\/www.ecolemegagic.com\/wp-content\/uploads\/2022\/09\/abo-4.png",120,157,false],"2048x2048":["https:\/\/www.ecolemegagic.com\/wp-content\/uploads\/2022\/09\/abo-4.png",120,157,false],"trp-custom-language-flag":["https:\/\/www.ecolemegagic.com\/wp-content\/uploads\/2022\/09\/abo-4-9x12.png",9,12,true],"woocommerce_thumbnail":["https:\/\/www.ecolemegagic.com\/wp-content\/uploads\/2022\/09\/abo-4.png",120,157,false],"woocommerce_single":["https:\/\/www.ecolemegagic.com\/wp-content\/uploads\/2022\/09\/abo-4.png",120,157,false],"woocommerce_gallery_thumbnail":["https:\/\/www.ecolemegagic.com\/wp-content\/uploads\/2022\/09\/abo-4-100x100.png",100,100,true]},"uagb_author_info":{"display_name":"Test pr\u00e9nom Test nom","author_link":"https:\/\/www.ecolemegagic.com\/en\/author\/"},"uagb_comment_info":0,"uagb_excerpt":"Jean-Pierre Vallarino hausse le niveau dans ce module tr\u00e8s technique. R\u00e9serv\u00e9 aux amateurs qui ont r\u00e9ellement envie de s\u2019investir dans cet art. ATTENTION ! Les techniques pr\u00e9sent\u00e9es dans ce pack ne pourront \u00eatre convenablement \u00e9tudi\u00e9s que si vous ma\u00eetrisez les 2 premiers modules.","acf":[],"_links":{"self":[{"href":"https:\/\/www.ecolemegagic.com\/en\/wp-json\/wp\/v2\/product\/436","targetHints":{"allow":["GET"]}}],"collection":[{"href":"https:\/\/www.ecolemegagic.com\/en\/wp-json\/wp\/v2\/product"}],"about":[{"href":"https:\/\/www.ecolemegagic.com\/en\/wp-json\/wp\/v2\/types\/product"}],"wp:featuredmedia":[{"embeddable":true,"href":"https:\/\/www.ecolemegagic.com\/en\/wp-json\/wp\/v2\/media\/423"}],"wp:attachment":[{"href":"https:\/\/www.ecolemegagic.com\/en\/wp-json\/wp\/v2\/media?parent=436"}],"wp:term":[{"taxonomy":"product_brand","embeddable":true,"href":"https:\/\/www.ecolemegagic.com\/en\/wp-json\/wp\/v2\/product_brand?post=436"},{"taxonomy":"product_cat","embeddable":true,"href":"https:\/\/www.ecolemegagic.com\/en\/wp-json\/wp\/v2\/product_cat?post=436"},{"taxonomy":"product_tag","embeddable":true,"href":"https:\/\/www.ecolemegagic.com\/en\/wp-json\/wp\/v2\/product_tag?post=436"}],"curies":[{"name":"wp","href":"https:\/\/api.w.org\/{rel}","templated":true}]}}