
{"id":437,"date":"2022-09-15T14:10:22","date_gmt":"2022-09-15T12:10:22","guid":{"rendered":"https:\/\/www.ecolemegagic.com\/?post_type=product&#038;p=437"},"modified":"2022-12-09T15:38:48","modified_gmt":"2022-12-09T14:38:48","slug":"pro","status":"publish","type":"product","link":"https:\/\/www.ecolemegagic.com\/en\/abonnement\/pro\/","title":{"rendered":"PRO"},"content":{"rendered":"<p>Ce module vous permettra d\u2019aller encore plus loin et vous permettra d\u2019apprendre les techniques les plus compliqu\u00e9es qui vous permettront d\u2019\u00eatre au m\u00eame niveau que les magiciens professionnels. ATTENTION ! Ce module ne pourra \u00eatre convenablement acquis si vous ne ma\u00eetrisez pas les 3 premiers modules.<\/p>","protected":false},"excerpt":{"rendered":"<p>Ce module vous permettra d\u2019aller encore plus loin et vous permettra d\u2019apprendre les techniques les plus compliqu\u00e9es qui vous permettront d\u2019\u00eatre au m\u00eame niveau que les magiciens professionnels. ATTENTION ! Ce module ne pourra \u00eatre convenablement acquis si vous ne ma\u00eetrisez pas les 3 premiers modules.<\/p>","protected":false},"featured_media":424,"template":"","meta":{"_uag_custom_page_level_css":"","site-sidebar-layout":"default","site-content-layout":"default","ast-global-header-display":"","ast-main-header-display":"","ast-hfb-above-header-display":"","ast-hfb-below-header-display":"","ast-hfb-mobile-header-display":"","site-post-title":"","ast-breadcrumbs-content":"","ast-featured-img":"","footer-sml-layout":"","theme-transparent-header-meta":"default","adv-header-id-meta":"","stick-header-meta":"","header-above-stick-meta":"","header-main-stick-meta":"","header-below-stick-meta":""},"product_brand":[],"product_cat":[33],"product_tag":[],"class_list":{"0":"post-437","1":"product","2":"type-product","3":"status-publish","4":"has-post-thumbnail","6":"product_cat-abonnements","8":"first","9":"instock","10":"virtual","11":"sold-individually","12":"taxable","13":"purchasable","14":"product-type-course"},"uagb_featured_image_src":{"full":["https:\/\/www.ecolemegagic.com\/wp-content\/uploads\/2022\/09\/abo-5.png",107,170,false],"thumbnail":["https:\/\/www.ecolemegagic.com\/wp-content\/uploads\/2022\/09\/abo-5-107x150.png",107,150,true],"medium":["https:\/\/www.ecolemegagic.com\/wp-content\/uploads\/2022\/09\/abo-5.png",107,170,false],"medium_large":["https:\/\/www.ecolemegagic.com\/wp-content\/uploads\/2022\/09\/abo-5.png",107,170,false],"large":["https:\/\/www.ecolemegagic.com\/wp-content\/uploads\/2022\/09\/abo-5.png",107,170,false],"1536x1536":["https:\/\/www.ecolemegagic.com\/wp-content\/uploads\/2022\/09\/abo-5.png",107,170,false],"2048x2048":["https:\/\/www.ecolemegagic.com\/wp-content\/uploads\/2022\/09\/abo-5.png",107,170,false],"trp-custom-language-flag":["https:\/\/www.ecolemegagic.com\/wp-content\/uploads\/2022\/09\/abo-5-8x12.png",8,12,true],"woocommerce_thumbnail":["https:\/\/www.ecolemegagic.com\/wp-content\/uploads\/2022\/09\/abo-5.png",107,170,false],"woocommerce_single":["https:\/\/www.ecolemegagic.com\/wp-content\/uploads\/2022\/09\/abo-5.png",107,170,false],"woocommerce_gallery_thumbnail":["https:\/\/www.ecolemegagic.com\/wp-content\/uploads\/2022\/09\/abo-5-100x100.png",100,100,true]},"uagb_author_info":{"display_name":"Test pr\u00e9nom Test nom","author_link":"https:\/\/www.ecolemegagic.com\/en\/author\/"},"uagb_comment_info":0,"uagb_excerpt":"Ce module vous permettra d\u2019aller encore plus loin et vous permettra d\u2019apprendre les techniques les plus compliqu\u00e9es qui vous permettront d\u2019\u00eatre au m\u00eame niveau que les magiciens professionnels. ATTENTION ! Ce module ne pourra \u00eatre convenablement acquis si vous ne ma\u00eetrisez pas les 3 premiers modules.","acf":[],"_links":{"self":[{"href":"https:\/\/www.ecolemegagic.com\/en\/wp-json\/wp\/v2\/product\/437","targetHints":{"allow":["GET"]}}],"collection":[{"href":"https:\/\/www.ecolemegagic.com\/en\/wp-json\/wp\/v2\/product"}],"about":[{"href":"https:\/\/www.ecolemegagic.com\/en\/wp-json\/wp\/v2\/types\/product"}],"wp:featuredmedia":[{"embeddable":true,"href":"https:\/\/www.ecolemegagic.com\/en\/wp-json\/wp\/v2\/media\/424"}],"wp:attachment":[{"href":"https:\/\/www.ecolemegagic.com\/en\/wp-json\/wp\/v2\/media?parent=437"}],"wp:term":[{"taxonomy":"product_brand","embeddable":true,"href":"https:\/\/www.ecolemegagic.com\/en\/wp-json\/wp\/v2\/product_brand?post=437"},{"taxonomy":"product_cat","embeddable":true,"href":"https:\/\/www.ecolemegagic.com\/en\/wp-json\/wp\/v2\/product_cat?post=437"},{"taxonomy":"product_tag","embeddable":true,"href":"https:\/\/www.ecolemegagic.com\/en\/wp-json\/wp\/v2\/product_tag?post=437"}],"curies":[{"name":"wp","href":"https:\/\/api.w.org\/{rel}","templated":true}]}}