
{"id":438,"date":"2022-09-15T14:11:37","date_gmt":"2022-09-15T12:11:37","guid":{"rendered":"https:\/\/www.ecolemegagic.com\/?post_type=product&#038;p=438"},"modified":"2022-09-15T14:12:26","modified_gmt":"2022-09-15T12:12:26","slug":"vip","status":"publish","type":"product","link":"https:\/\/www.ecolemegagic.com\/en\/abonnement\/vip\/","title":{"rendered":"VIP"},"content":{"rendered":"<p>Nombre de place limit\u00e9. Avec ce module vous recevrez 2 jeux de cartes Bicycle, un tapis de cartes et une carte d\u00e9dicac\u00e9e \u00e0 votre intention. Vous aurez acc\u00e8s aux modules INITIATION, PERFECTIONNEMENT, EXPERT et PRO de l\u2019\u00e9cole.<\/p>\n<p><strong>Jean-Pierre Vallarino suivra personnellement votre progression en commentant les vid\u00e9os de vos prestations que vous lui enverrez lorsque vous estimerez \u00eatre pr\u00eat pour le module suivant.<\/strong><\/p>","protected":false},"excerpt":{"rendered":"<p>Nombre de place limit\u00e9. Avec ce module vous recevrez 2 jeux de cartes Bicycle, un tapis de cartes et une carte d\u00e9dicac\u00e9e \u00e0 votre intention. Vous aurez acc\u00e8s aux modules INITIATION, PERFECTIONNEMENT, EXPERT et PRO de l\u2019\u00e9cole. Jean-Pierre Vallarino suivra personnellement votre progression en commentant les vid\u00e9os de vos prestations que vous lui enverrez lorsque &hellip;<\/p>\n<p class=\"read-more\"> <a class=\"\" href=\"https:\/\/www.ecolemegagic.com\/en\/abonnement\/vip\/\"> <span class=\"screen-reader-text\">VIP<\/span> Read More &raquo;<\/a><\/p>","protected":false},"featured_media":425,"template":"","meta":{"_uag_custom_page_level_css":"","site-sidebar-layout":"default","site-content-layout":"default","ast-global-header-display":"","ast-main-header-display":"","ast-hfb-above-header-display":"","ast-hfb-below-header-display":"","ast-hfb-mobile-header-display":"","site-post-title":"","ast-breadcrumbs-content":"","ast-featured-img":"","footer-sml-layout":"","theme-transparent-header-meta":"default","adv-header-id-meta":"","stick-header-meta":"","header-above-stick-meta":"","header-main-stick-meta":"","header-below-stick-meta":""},"product_brand":[],"product_cat":[33],"product_tag":[],"class_list":{"0":"post-438","1":"product","2":"type-product","3":"status-publish","4":"has-post-thumbnail","6":"product_cat-abonnements","8":"first","9":"instock","10":"virtual","11":"sold-individually","12":"taxable","13":"purchasable","14":"product-type-course"},"uagb_featured_image_src":{"full":["https:\/\/www.ecolemegagic.com\/wp-content\/uploads\/2022\/09\/abo-6.png",155,169,false],"thumbnail":["https:\/\/www.ecolemegagic.com\/wp-content\/uploads\/2022\/09\/abo-6-150x150.png",150,150,true],"medium":["https:\/\/www.ecolemegagic.com\/wp-content\/uploads\/2022\/09\/abo-6.png",155,169,false],"medium_large":["https:\/\/www.ecolemegagic.com\/wp-content\/uploads\/2022\/09\/abo-6.png",155,169,false],"large":["https:\/\/www.ecolemegagic.com\/wp-content\/uploads\/2022\/09\/abo-6.png",155,169,false],"1536x1536":["https:\/\/www.ecolemegagic.com\/wp-content\/uploads\/2022\/09\/abo-6.png",155,169,false],"2048x2048":["https:\/\/www.ecolemegagic.com\/wp-content\/uploads\/2022\/09\/abo-6.png",155,169,false],"trp-custom-language-flag":["https:\/\/www.ecolemegagic.com\/wp-content\/uploads\/2022\/09\/abo-6-11x12.png",11,12,true],"woocommerce_thumbnail":["https:\/\/www.ecolemegagic.com\/wp-content\/uploads\/2022\/09\/abo-6.png",155,169,false],"woocommerce_single":["https:\/\/www.ecolemegagic.com\/wp-content\/uploads\/2022\/09\/abo-6.png",155,169,false],"woocommerce_gallery_thumbnail":["https:\/\/www.ecolemegagic.com\/wp-content\/uploads\/2022\/09\/abo-6-100x100.png",100,100,true]},"uagb_author_info":{"display_name":"Test pr\u00e9nom Test nom","author_link":"https:\/\/www.ecolemegagic.com\/en\/author\/"},"uagb_comment_info":0,"uagb_excerpt":"Nombre de place limit\u00e9. Avec ce module vous recevrez 2 jeux de cartes Bicycle, un tapis de cartes et une carte d\u00e9dicac\u00e9e \u00e0 votre intention. Vous aurez acc\u00e8s aux modules INITIATION, PERFECTIONNEMENT, EXPERT et PRO de l\u2019\u00e9cole. Jean-Pierre Vallarino suivra personnellement votre progression en commentant les vid\u00e9os de vos prestations que vous lui enverrez lorsque&hellip;","acf":[],"_links":{"self":[{"href":"https:\/\/www.ecolemegagic.com\/en\/wp-json\/wp\/v2\/product\/438","targetHints":{"allow":["GET"]}}],"collection":[{"href":"https:\/\/www.ecolemegagic.com\/en\/wp-json\/wp\/v2\/product"}],"about":[{"href":"https:\/\/www.ecolemegagic.com\/en\/wp-json\/wp\/v2\/types\/product"}],"wp:featuredmedia":[{"embeddable":true,"href":"https:\/\/www.ecolemegagic.com\/en\/wp-json\/wp\/v2\/media\/425"}],"wp:attachment":[{"href":"https:\/\/www.ecolemegagic.com\/en\/wp-json\/wp\/v2\/media?parent=438"}],"wp:term":[{"taxonomy":"product_brand","embeddable":true,"href":"https:\/\/www.ecolemegagic.com\/en\/wp-json\/wp\/v2\/product_brand?post=438"},{"taxonomy":"product_cat","embeddable":true,"href":"https:\/\/www.ecolemegagic.com\/en\/wp-json\/wp\/v2\/product_cat?post=438"},{"taxonomy":"product_tag","embeddable":true,"href":"https:\/\/www.ecolemegagic.com\/en\/wp-json\/wp\/v2\/product_tag?post=438"}],"curies":[{"name":"wp","href":"https:\/\/api.w.org\/{rel}","templated":true}]}}